{"id":713,"date":"2021-05-06T10:56:13","date_gmt":"2021-05-06T08:56:13","guid":{"rendered":"https:\/\/www.chateau-ferrand.com\/contact\/"},"modified":"2022-02-01T12:22:37","modified_gmt":"2022-02-01T11:22:37","slug":"contact","status":"publish","type":"page","link":"https:\/\/www.chateau-ferrand.com\/en\/contact\/","title":{"rendered":"Contact us"},"content":{"rendered":"\n<section class=\"wp-block-uagb-columns uagb-columns__wrap uagb-columns__background-image uagb-columns__stack-mobile uagb-columns__valign-undefined uagb-columns__gap-10 alignfull uagb-block-6e4344ca\"><div class=\"uagb-columns__overlay\"><\/div><div class=\"uagb-columns__inner-wrap uagb-columns__columns-1\">\n<div class=\"wp-block-uagb-column uagb-column__wrap uagb-column__background-undefined uagb-block-37161eb8\"><div class=\"uagb-column__overlay\"><\/div><div class=\"uagb-column__inner-wrap\">\n<h1 class=\"has-text-align-center title wp-block-heading\" id=\"contact-us\">Contact us<\/h1>\n<\/div><\/div>\n<\/div><\/section>\n\n\n\n<section class=\"wp-block-uagb-section uagb-section__wrap uagb-section__background-color alignfull uagb-block-c0e5696d\"><div class=\"uagb-section__overlay\"><\/div><div class=\"uagb-section__inner-wrap\">\n<p><\/p>\n\n\n\n<div class=\"wp-block-columns is-layout-flex wp-container-core-columns-is-layout-9d6595d7 wp-block-columns-is-layout-flex\">\n<div class=\"wp-block-column is-layout-flow wp-block-column-is-layout-flow\">\n<div class=\"wp-block-image\"><figure class=\"aligncenter size-large\"><img loading=\"lazy\" decoding=\"async\" width=\"32\" height=\"32\" src=\"https:\/\/www.chateau-ferrand.com\/wp-content\/uploads\/2021\/05\/002-phone-call.png\" alt=\"Num\u00e9ro de t\u00e9l\u00e9phone\" class=\"wp-image-65\"\/><\/figure><\/div>\n\n\n\n<p class=\"has-text-align-center has-nv-site-bg-color has-text-color\">Tel : + 33 (0)5 57 51 21 67<br>Mob : + 33 (0)7 86 03 88 75<\/p>\n<\/div>\n\n\n\n<div class=\"wp-block-column is-layout-flow wp-block-column-is-layout-flow\">\n<div class=\"wp-block-image\"><figure class=\"aligncenter size-large\"><img loading=\"lazy\" decoding=\"async\" width=\"32\" height=\"32\" src=\"https:\/\/www.chateau-ferrand.com\/wp-content\/uploads\/2021\/05\/001-message.png\" alt=\"Adresse email\" class=\"wp-image-64\"\/><\/figure><\/div>\n\n\n\n<p class=\"has-text-align-center\"><a href=\"mailto:contact@chateau-ferrand.com\">contact@chateau-ferrand.com<\/a><\/p>\n<\/div>\n\n\n\n<div class=\"wp-block-column is-layout-flow wp-block-column-is-layout-flow\">\n<div class=\"wp-block-image\"><figure class=\"aligncenter size-large\"><img loading=\"lazy\" decoding=\"async\" width=\"32\" height=\"32\" src=\"https:\/\/www.chateau-ferrand.com\/wp-content\/uploads\/2021\/05\/003-placeholder.png\" alt=\"Adresse postale\" class=\"wp-image-63\"\/><\/figure><\/div>\n\n\n\n<p class=\"has-text-align-center has-nv-site-bg-color has-text-color\"><mark style=\"background-color:rgba(0, 0, 0, 0)\" class=\"has-inline-color has-neve-link-color-color\">SCE du Ch\u00e2teau Ferrand Henry Gasparoux &amp; Fils<\/mark><br>Chemin de la Commanderie<br>33500 Libourne<\/p>\n<\/div>\n<\/div>\n\n\n\n<p><\/p>\n<\/div><\/section>\n\n\n\n<section class=\"wp-block-uagb-columns uagb-columns__wrap uagb-columns__background-undefined uagb-columns__stack-mobile uagb-columns__valign-undefined uagb-columns__gap-10 alignundefined uagb-block-d37af032\"><div class=\"uagb-columns__overlay\"><\/div><div class=\"uagb-columns__inner-wrap uagb-columns__columns-1\">\n<div class=\"wp-block-uagb-column uagb-column__wrap uagb-column__background-undefined uagb-block-ea3311bb\"><div class=\"uagb-column__overlay\"><\/div><div class=\"uagb-column__inner-wrap\">\n<h2 class=\"wp-block-heading\" id=\"write-us\">wRITE US<\/h2>\n\n\n\n<div class=\"forminator-guttenberg\"><div class=\"forminator-ui forminator-custom-form forminator-custom-form-985 forminator-design--material  forminator_ajax\" data-forminator-render=\"0\" data-form=\"forminator-module-985\" data-uid=\"69ebad51649a5\"><br\/><\/div><form\n\t\t\t\tid=\"forminator-module-985\"\n\t\t\t\tclass=\"forminator-ui forminator-custom-form forminator-custom-form-985 forminator-design--material  forminator_ajax\"\n\t\t\t\tmethod=\"post\"\n\t\t\t\tdata-forminator-render=\"0\"\n\t\t\t\tdata-form-id=\"985\"\n\t\t\t\t data-color-option=\"default\" data-design=\"material\" data-grid=\"open\" style=\"display: none;\"\n\t\t\t\tdata-uid=\"69ebad51649a5\"\n\t\t\t><div role=\"alert\" aria-live=\"polite\" class=\"forminator-response-message forminator-error\" aria-hidden=\"true\"><\/div><div class=\"forminator-row\"><div id=\"name-1\" class=\"forminator-field-name forminator-col forminator-col-12 \"><div class=\"forminator-field\"><label for=\"forminator-field-name-1_69ebad51649a5\" id=\"forminator-field-name-1_69ebad51649a5-label\" class=\"forminator-label\">Name <span class=\"forminator-required\">*<\/span><\/label><input type=\"text\" name=\"name-1\" value=\"\" placeholder=\"John Doe\" id=\"forminator-field-name-1_69ebad51649a5\" class=\"forminator-input forminator-name--field\" aria-required=\"true\" autocomplete=\"name\" \/><\/div><\/div><\/div><div class=\"forminator-row\"><div id=\"email-1\" class=\"forminator-field-email forminator-col forminator-col-12 \"><div class=\"forminator-field\"><label for=\"forminator-field-email-1_69ebad51649a5\" id=\"forminator-field-email-1_69ebad51649a5-label\" class=\"forminator-label\">Email <span class=\"forminator-required\">*<\/span><\/label><input type=\"email\" name=\"email-1\" value=\"\" placeholder=\"john@doe.com\" id=\"forminator-field-email-1_69ebad51649a5\" class=\"forminator-input forminator-email--field\" data-required=\"true\" aria-required=\"true\" autocomplete=\"email\" \/><\/div><\/div><\/div><div class=\"forminator-row\"><div id=\"phone-1\" class=\"forminator-field-phone forminator-col forminator-col-12 \"><div class=\"forminator-field\"><label for=\"forminator-field-phone-1_69ebad51649a5\" id=\"forminator-field-phone-1_69ebad51649a5-label\" class=\"forminator-label\">Phone number<\/label><input type=\"text\" name=\"phone-1\" value=\"\" placeholder=\"0504505050\" id=\"forminator-field-phone-1_69ebad51649a5\" class=\"forminator-input forminator-field--phone\" data-required=\"\" aria-required=\"false\" autocomplete=\"off\" \/><\/div><\/div><\/div><div class=\"forminator-row\"><div id=\"select-1\" class=\"forminator-field-select forminator-col forminator-col-12 \"><div class=\"forminator-field\"><label for=\"forminator-form-985__field--select-1_69ebad51649a5\" id=\"forminator-form-985__field--select-1_69ebad51649a5-label\" class=\"forminator-label\">Subject <span class=\"forminator-required\">*<\/span><\/label><select  id=\"forminator-form-985__field--select-1_69ebad51649a5\" class=\"forminator-select--field forminator-select2 forminator-select2-multiple\" data-required=\"1\" name=\"select-1\" data-default-value=\"Information-about-our-wines\" data-placeholder=\"Please select an option\" data-search=\"false\" data-search-placeholder=\"Please select an option\" data-checkbox=\"false\" data-allow-clear=\"false\" aria-labelledby=\"forminator-form-985__field--select-1_69ebad51649a5-label\"><option value=\"\"  >Please select an option<\/option><option value=\"Information-about-our-wines\" selected=\"selected\" data-calculation=\"0\">Information about our wines<\/option><option value=\"Information-on-visits\"  data-calculation=\"0\">Information on visits<\/option><option value=\"Other\"  data-calculation=\"0\">Other<\/option><\/select><\/div><\/div><\/div><div class=\"forminator-row\"><div id=\"textarea-1\" class=\"forminator-field-textarea forminator-col forminator-col-12 \"><div class=\"forminator-field\"><label for=\"forminator-field-textarea-1_69ebad51649a5\" id=\"forminator-field-textarea-1_69ebad51649a5-label\" class=\"forminator-label\">Message<\/label><textarea name=\"textarea-1\" placeholder=\"Saisissez votre message\u2026\" id=\"forminator-field-textarea-1_69ebad51649a5\" class=\"forminator-textarea\" rows=\"6\" style=\"--forminator-textarea-min-height:140px;\" maxlength=\"180\" ><\/textarea><span id=\"forminator-field-textarea-1_69ebad51649a5-description\" class=\"forminator-description\"><span data-limit=\"180\" data-type=\"characters\" data-editor=\"\">0 \/ 180<\/span><\/span><\/div><\/div><\/div><div class=\"forminator-row\"><div id=\"consent-1\" class=\"forminator-field-consent forminator-col forminator-col-6 \"><div class=\"forminator-field\"><label for=\"forminator-field-consent-1_69ebad51649a5\" id=\"forminator-field-consent-1_69ebad51649a5-label\" class=\"forminator-label\">Consent <span class=\"forminator-required\">*<\/span><\/label><div class=\"forminator-checkbox__wrapper\"><label id=\"forminator-field-consent-1_69ebad51649a5__label\" class=\"forminator-checkbox forminator-consent\"><input type=\"checkbox\" name=\"consent-1\" id=\"forminator-field-consent-1_69ebad51649a5\" value=\"checked\" aria-labelledby=\"forminator-field-consent-1_69ebad51649a5-label\" aria-describedby=\"forminator-field-consent-1_69ebad51649a5__description\" data-required=\"true\" aria-required=\"true\" \/><span class=\"forminator-checkbox-box\" aria-hidden=\"true\"><\/span><\/label><div id=\"forminator-field-consent-1_69ebad51649a5__description\" class=\"forminator-checkbox__label forminator-consent__label\"><p>I am informed that the information collected from this form is transmitted to the services concerned for the management of your request. <a href=\"https:\/\/www.chateau-ferrand.com\/en\/legal-information\/\" target=\"_blank\" rel=\"noopener\">Privacy policy<\/a> <\/p><\/div><\/div><\/div><\/div><div id=\"captcha-1\" class=\"forminator-field-captcha forminator-col forminator-col-6 \"><div class=\"forminator-captcha-left forminator-g-recaptcha recaptcha-invisible\" data-theme=\"light\" data-badge=\"inline\" data-sitekey=\"6LcF7wAfAAAAACCLm03I605Ez0FVXej0-9DJYNci\" data-size=\"invisible\"><\/div> <\/div><\/div><input type=\"hidden\" name=\"referer_url\" value=\"\" \/><div class=\"forminator-row forminator-row-last\"><div class=\"forminator-col\"><div class=\"forminator-field\"><button class=\"forminator-button forminator-button-submit\"><span>Send the message<\/span><span aria-hidden=\"true\"><\/span><\/button><\/div><\/div><\/div><input type=\"hidden\" id=\"forminator_nonce\" name=\"forminator_nonce\" value=\"b09c0ff662\" \/><input type=\"hidden\" name=\"_wp_http_referer\" value=\"\/en\/wp-json\/wp\/v2\/pages\/713\" \/><input type=\"hidden\" name=\"form_id\" value=\"985\"><input type=\"hidden\" name=\"page_id\" value=\"713\"><input type=\"hidden\" name=\"form_type\" value=\"default\"><input type=\"hidden\" name=\"current_url\" value=\"https:\/\/www.chateau-ferrand.com\/en\/contact\/\"><input type=\"hidden\" name=\"render_id\" value=\"0\"><input type=\"hidden\" name=\"action\" value=\"forminator_submit_form_custom-forms\"><\/form><\/div>\n<\/div><\/div>\n<\/div><\/section>\n\n\n\n<section class=\"wp-block-uagb-section uagb-section__wrap uagb-section__background-undefined alignfull uagb-block-0a9cd3e9\"><div class=\"uagb-section__overlay\"><\/div><div class=\"uagb-section__inner-wrap\">\t\t\t<div \n\t\t\tclass=\"wp-block-uagb-google-map uagb-google-map__wrap uagb-block-ffaa5cc0     \"\n\t\t\tstyle=\"\" >\n\t\t\t\t<embed\n\t\t\t\t\tclass=\"uagb-google-map__iframe\"\n\t\t\t\t\ttitle=\"Google Map for \"\n\t\t\t\t\tsrc=\"https:\/\/maps.google.com\/maps?q=Ch%C3%A2teau%20Ferrand%20Pomerol&#038;z=12&#038;hl=en&#038;t=m&#038;output=embed&#038;iwloc=near\"\n\t\t\t\t\twidth=\"640\"\n\t\t\t\t\theight=\"300\"\n\t\t\t\t\tloading=\"lazy\"\n\t\t\t\t><\/embed>\n\t\t\t<\/div>\n\t\t\t<\/div><\/section>\n","protected":false},"excerpt":{"rendered":"<p>Contact us wRITE US<\/p>\n","protected":false},"author":1,"featured_media":0,"parent":0,"menu_order":0,"comment_status":"closed","ping_status":"closed","template":"","meta":{"_uag_custom_page_level_css":"","neve_meta_sidebar":"full-width","neve_meta_container":"","neve_meta_enable_content_width":"on","neve_meta_content_width":100,"neve_meta_title_alignment":"","neve_meta_author_avatar":"","neve_post_elements_order":"","neve_meta_disable_header":"","neve_meta_disable_footer":"","neve_meta_disable_title":"on","footnotes":""},"class_list":["post-713","page","type-page","status-publish","hentry"],"aioseo_notices":[],"uagb_featured_image_src":{"full":false,"thumbnail":false,"medium":false,"medium_large":false,"large":false,"1536x1536":false,"2048x2048":false,"neve-blog":false},"uagb_author_info":{"display_name":"FerrandAccess","author_link":"https:\/\/www.chateau-ferrand.com\/en\/author\/ferrandaccess\/"},"uagb_comment_info":0,"uagb_excerpt":"Contact us wRITE US","_links":{"self":[{"href":"https:\/\/www.chateau-ferrand.com\/en\/wp-json\/wp\/v2\/pages\/713","targetHints":{"allow":["GET"]}}],"collection":[{"href":"https:\/\/www.chateau-ferrand.com\/en\/wp-json\/wp\/v2\/pages"}],"about":[{"href":"https:\/\/www.chateau-ferrand.com\/en\/wp-json\/wp\/v2\/types\/page"}],"author":[{"embeddable":true,"href":"https:\/\/www.chateau-ferrand.com\/en\/wp-json\/wp\/v2\/users\/1"}],"replies":[{"embeddable":true,"href":"https:\/\/www.chateau-ferrand.com\/en\/wp-json\/wp\/v2\/comments?post=713"}],"version-history":[{"count":5,"href":"https:\/\/www.chateau-ferrand.com\/en\/wp-json\/wp\/v2\/pages\/713\/revisions"}],"predecessor-version":[{"id":1005,"href":"https:\/\/www.chateau-ferrand.com\/en\/wp-json\/wp\/v2\/pages\/713\/revisions\/1005"}],"wp:attachment":[{"href":"https:\/\/www.chateau-ferrand.com\/en\/wp-json\/wp\/v2\/media?parent=713"}],"curies":[{"name":"wp","href":"https:\/\/api.w.org\/{rel}","templated":true}]}}